{"id":4687,"date":"2023-11-08T14:08:09","date_gmt":"2023-11-08T14:08:09","guid":{"rendered":"https:\/\/lavandimag.md\/?post_type=product&#038;p=4687"},"modified":"2023-11-08T14:08:11","modified_gmt":"2023-11-08T14:08:11","slug":"gel-pentru-dus-si-sampon-21-biobaza-kids-dragon-250-ml","status":"publish","type":"product","link":"https:\/\/lavandimag.md\/ru\/product\/gel-pentru-dus-si-sampon-21-biobaza-kids-dragon-250-ml\/","title":{"rendered":"Gel pentru du\u0219 \u0219i \u0219ampon 2&#038;1 BIOBAZA KIDS DRAGON, 250 ml"},"content":{"rendered":"<p>Complexul de ingrediente hidratante \u2013 pantenol, glicerol si aloe vera, hidrateaza, calmeaza si mentine bariera hidrolipidica naturala a pielii, in timp ce extractul de ceai verde si proteina hidrolizata de migdale dulci hranesc si catifeleaza pielea. Puternic, \u00eenviorarea dragonului vine din ad\u00e2ncurile misterioase ale m\u0103rii \u2013 parfumul bl\u00e2nd al aerosolului marin \u00eei va \u00eenc\u00e2nta pe to\u021bi supereroii \u0219i va face du\u0219ul \u00een momentul lor preferat al zilei.<\/p>\n<p>Utilizare: Aplica\u021bi pe pielea sau p\u0103rul ud, masa\u021bi u\u0219or p\u00e2n\u0103 la spuma \u0219i cl\u0103ti\u021bi bine cu ap\u0103.<\/p>\n<p>Avertisment: A nu se l\u0103sa la \u00eendem\u00e2na copiilor mici. Doar pentru uz extern. Testat dermatologic.<\/p>","protected":false},"excerpt":{"rendered":"<p>Complexul de ingrediente hidratante \u2013 pantenol, glicerol si aloe vera, hidrateaza, calmeaza si mentine bariera hidrolipidica naturala a pielii, in timp ce extractul de ceai verde si proteina hidrolizata de migdale dulci [&hellip;]<\/p>","protected":false},"featured_media":4688,"comment_status":"open","ping_status":"closed","template":"","meta":[],"product_cat":[132],"product_tag":[],"class_list":{"0":"post-4687","1":"product","2":"type-product","3":"status-publish","4":"has-post-thumbnail","6":"product_cat-poduse-pentru-copii","8":"first","9":"instock","10":"shipping-taxable","11":"purchasable","12":"product-type-simple"},"_links":{"self":[{"href":"https:\/\/lavandimag.md\/ru\/wp-json\/wp\/v2\/product\/4687","targetHints":{"allow":["GET"]}}],"collection":[{"href":"https:\/\/lavandimag.md\/ru\/wp-json\/wp\/v2\/product"}],"about":[{"href":"https:\/\/lavandimag.md\/ru\/wp-json\/wp\/v2\/types\/product"}],"replies":[{"embeddable":true,"href":"https:\/\/lavandimag.md\/ru\/wp-json\/wp\/v2\/comments?post=4687"}],"wp:featuredmedia":[{"embeddable":true,"href":"https:\/\/lavandimag.md\/ru\/wp-json\/wp\/v2\/media\/4688"}],"wp:attachment":[{"href":"https:\/\/lavandimag.md\/ru\/wp-json\/wp\/v2\/media?parent=4687"}],"wp:term":[{"taxonomy":"product_cat","embeddable":true,"href":"https:\/\/lavandimag.md\/ru\/wp-json\/wp\/v2\/product_cat?post=4687"},{"taxonomy":"product_tag","embeddable":true,"href":"https:\/\/lavandimag.md\/ru\/wp-json\/wp\/v2\/product_tag?post=4687"}],"curies":[{"name":"wp","href":"https:\/\/api.w.org\/{rel}","templated":true}]}}