{"id":4681,"date":"2023-11-08T13:56:12","date_gmt":"2023-11-08T13:56:12","guid":{"rendered":"https:\/\/lavandimag.md\/?post_type=product&#038;p=4681"},"modified":"2023-11-08T13:56:12","modified_gmt":"2023-11-08T13:56:12","slug":"sapun-lichid-biobaza-hand-flower-power-250-ml","status":"publish","type":"product","link":"https:\/\/lavandimag.md\/ru\/product\/sapun-lichid-biobaza-hand-flower-power-250-ml\/","title":{"rendered":"S\u0103pun lichid BIOBAZA HAND Flower Power, 250 ml"},"content":{"rendered":"<p>SAPUNUL LICHID DE MINI BIOBAZA FLOWER POWER cu parfumul sau floral rafinat iti seduce toate simturile, iar uleiurile esentiale de lemn de trandafir, muscata si lavanda hranesc pielea, ii stimuleaza regenerarea si ii asigura catifelarea.<\/p>\n<p>Formula natural\u0103 \u00eembog\u0103\u021bit\u0103 cu pantenol, aloe vera, glicerol \u0219i oligoelemente de sare de mare este extrem de bl\u00e2nd\u0103 cu pielea, astfel c\u0103 acest s\u0103pun este recomandat \u0219i pentru m\u00e2inile sensibile ale copiilor.<\/p>\n<p>\u041f\u0440\u0438\u043c\u0435\u043d\u0435\u043d\u0438\u0435: \u041d\u0430\u043d\u0435\u0441\u0438\u0442\u0435 \u043d\u0430 \u0432\u043b\u0430\u0436\u043d\u044b\u0435 \u0440\u0443\u043a\u0438, \u0432\u0441\u043f\u0435\u043d\u044c\u0442\u0435, \u0432\u043e\u0442\u0440\u0438\u0442\u0435 \u043c\u0435\u0436\u0434\u0443 \u043f\u0430\u043b\u044c\u0446\u0430\u043c\u0438 \u0438 \u043b\u0430\u0434\u043e\u043d\u044f\u043c\u0438 \u0438 \u0445\u043e\u0440\u043e\u0448\u043e \u0441\u043c\u043e\u0439\u0442\u0435 \u0442\u0435\u043f\u043b\u043e\u0439 \u0432\u043e\u0434\u043e\u0439.<\/p>","protected":false},"excerpt":{"rendered":"<p>SAPUNUL LICHID DE MINI BIOBAZA FLOWER POWER cu parfumul sau floral rafinat iti seduce toate simturile, iar uleiurile esentiale de lemn de trandafir, muscata si lavanda hranesc pielea, ii stimuleaza regenerarea si [&hellip;]<\/p>","protected":false},"featured_media":4683,"comment_status":"open","ping_status":"closed","template":"","meta":[],"product_cat":[176,69],"product_tag":[],"class_list":{"0":"post-4681","1":"product","2":"type-product","3":"status-publish","4":"has-post-thumbnail","6":"product_cat-igiena-personala","7":"product_cat-ingrijire-corporala","9":"first","10":"instock","11":"shipping-taxable","12":"purchasable","13":"product-type-simple"},"_links":{"self":[{"href":"https:\/\/lavandimag.md\/ru\/wp-json\/wp\/v2\/product\/4681","targetHints":{"allow":["GET"]}}],"collection":[{"href":"https:\/\/lavandimag.md\/ru\/wp-json\/wp\/v2\/product"}],"about":[{"href":"https:\/\/lavandimag.md\/ru\/wp-json\/wp\/v2\/types\/product"}],"replies":[{"embeddable":true,"href":"https:\/\/lavandimag.md\/ru\/wp-json\/wp\/v2\/comments?post=4681"}],"wp:featuredmedia":[{"embeddable":true,"href":"https:\/\/lavandimag.md\/ru\/wp-json\/wp\/v2\/media\/4683"}],"wp:attachment":[{"href":"https:\/\/lavandimag.md\/ru\/wp-json\/wp\/v2\/media?parent=4681"}],"wp:term":[{"taxonomy":"product_cat","embeddable":true,"href":"https:\/\/lavandimag.md\/ru\/wp-json\/wp\/v2\/product_cat?post=4681"},{"taxonomy":"product_tag","embeddable":true,"href":"https:\/\/lavandimag.md\/ru\/wp-json\/wp\/v2\/product_tag?post=4681"}],"curies":[{"name":"wp","href":"https:\/\/api.w.org\/{rel}","templated":true}]}}