{"id":3359,"date":"2023-08-10T09:33:38","date_gmt":"2023-08-10T09:33:38","guid":{"rendered":"https:\/\/lavandimag.md\/?post_type=product&#038;p=3359"},"modified":"2023-10-23T12:40:16","modified_gmt":"2023-10-23T12:40:16","slug":"biobaza-men-gentlemen-gel-de-dus-2-in-1-a-220-ml","status":"publish","type":"product","link":"https:\/\/lavandimag.md\/ru\/product\/biobaza-men-gentlemen-gel-de-dus-2-in-1-a-220-ml\/","title":{"rendered":"\u0428\u0430\u043c\u043f\u0443\u043d\u044c \u0438 \u0433\u0435\u043b\u044c \u0434\u043b\u044f \u0434\u0443\u0448\u0430 2&amp;1  BIOBAZA MEN GENTLEMEN, 220 \u043c\u043b"},"content":{"rendered":"<p>\u0413\u0415\u041b\u042c \u0414\u041b\u042f \u0414\u0423\u0428\u0410 \u0418 \u041c\u042b\u0422\u042c\u0415 \u0414\u041b\u042f \u0412\u041e\u041b\u041e\u0421 BIOBAZA [GENTLE]MEN 2\u04321 \u043f\u0438\u0442\u0430\u0435\u0442 \u0438 \u0437\u0430\u0449\u0438\u0449\u0430\u0435\u0442 \u043a\u043e\u0436\u0443 \u0431\u043b\u0430\u0433\u043e\u0434\u0430\u0440\u044f \u0441\u0432\u043e\u0435\u0439 \u0431\u043e\u0433\u0430\u0442\u043e\u0439 \u0444\u043e\u0440\u043c\u0443\u043b\u0435, \u0430 \u0442\u0430\u043a\u0436\u0435 \u043e\u0442\u043b\u0438\u0447\u043d\u043e \u043f\u043e\u0434\u0445\u043e\u0434\u0438\u0442 \u0434\u043b\u044f \u043c\u044b\u0442\u044c\u044f \u0432\u043e\u043b\u043e\u0441, \u0432\u043e\u0441\u0441\u0442\u0430\u043d\u0430\u0432\u043b\u0438\u0432\u0430\u044f \u0438\u0445 \u0435\u0441\u0442\u0435\u0441\u0442\u0432\u0435\u043d\u043d\u044b\u0439 \u0431\u043b\u0435\u0441\u043a \u0438 \u043e\u0431\u044a\u0435\u043c. \u0418\u0437\u044b\u0441\u043a\u0430\u043d\u043d\u044b\u0439, \u0442\u043e\u043d\u043a\u0438\u0439 \u0430\u0440\u043e\u043c\u0430\u0442 \u0437\u0435\u043b\u0435\u043d\u043e\u0433\u043e \u0447\u0430\u044f \u0434\u0430\u0440\u0438\u0442 \u043f\u0440\u0438\u044f\u0442\u043d\u043e\u0435 \u043e\u0449\u0443\u0449\u0435\u043d\u0438\u0435 \u0441\u0432\u0435\u0436\u0435\u0441\u0442\u0438. 96% \u043d\u0430\u0442\u0443\u0440\u0430\u043b\u044c\u043d\u0430\u044f \u0444\u043e\u0440\u043c\u0443\u043b\u0430 \u0438\u0434\u0435\u0430\u043b\u044c\u043d\u043e \u043f\u043e\u0434\u0445\u043e\u0434\u0438\u0442 \u0434\u043b\u044f \u0447\u0430\u0441\u0442\u043e\u0433\u043e \u043f\u0440\u0438\u043d\u044f\u0442\u0438\u044f \u0434\u0443\u0448\u0430, \u043f\u043e\u0441\u043a\u043e\u043b\u044c\u043a\u0443 \u043e\u043d\u0430 \u0443\u0432\u043b\u0430\u0436\u043d\u044f\u0435\u0442, \u0443\u0441\u043f\u043e\u043a\u0430\u0438\u0432\u0430\u0435\u0442 \u0438 \u043e\u0431\u043d\u043e\u0432\u043b\u044f\u0435\u0442 \u043a\u043e\u0436\u0443 \u0443\u0436\u0435 \u0432 \u0434\u0443\u0448\u0435.<\/p>\n<p>\u041f\u0440\u0438\u043c\u0435\u043d\u0435\u043d\u0438\u0435: \u043d\u0430\u043d\u0435\u0441\u0442\u0438 \u043d\u0430 \u0432\u043b\u0430\u0436\u043d\u0443\u044e \u043a\u043e\u0436\u0443, \u0432\u0441\u043f\u0435\u043d\u0438\u0442\u044c \u0438 \u0445\u043e\u0440\u043e\u0448\u043e \u0441\u043c\u044b\u0442\u044c \u0432\u043e\u0434\u043e\u0439.<\/p>\n<p>\u041f\u0440\u0435\u0434\u0443\u043f\u0440\u0435\u0436\u0434\u0435\u043d\u0438\u0435: \u043d\u0435 \u043d\u0430\u043d\u043e\u0441\u0438\u0442\u044c \u043d\u0430 \u043f\u043e\u0432\u0440\u0435\u0436\u0434\u0435\u043d\u043d\u0443\u044e \u0438\u043b\u0438 \u0440\u0430\u0437\u0434\u0440\u0430\u0436\u0435\u043d\u043d\u0443\u044e \u043a\u043e\u0436\u0443. \u0425\u0440\u0430\u043d\u0438\u0442\u044c \u0432 \u043d\u0435\u0434\u043e\u0441\u0442\u0443\u043f\u043d\u043e\u043c \u0434\u043b\u044f \u043c\u0430\u043b\u0435\u043d\u044c\u043a\u0438\u0445 \u0434\u0435\u0442\u0435\u0439 \u043c\u0435\u0441\u0442\u0435. \u0412 \u0441\u043b\u0443\u0447\u0430\u0435 \u0433\u0438\u043f\u0435\u0440\u0447\u0443\u0432\u0441\u0442\u0432\u0438\u0442\u0435\u043b\u044c\u043d\u043e\u0441\u0442\u0438 \u043f\u0440\u0435\u043a\u0440\u0430\u0442\u0438\u0442\u044c \u0438\u0441\u043f\u043e\u043b\u044c\u0437\u043e\u0432\u0430\u043d\u0438\u0435.<\/p>\n<p>\u0418\u041d\u0413\u0420\u0415\u0414\u0418\u0415\u041d\u0422\u042b: \u041f\u0420\u041e\u041f\u0410\u041d\u0415\u0414\u0418\u041e\u041b, \u0410\u041a\u0412\u0410, \u0413\u041b\u0418\u0426\u0415\u0420\u0418\u041d, \u041d\u0410\u0422\u0420\u0418\u042f \u0421\u0422\u0415\u0410\u0420\u0410\u0422, \u041a\u0410\u041f\u0420\u0418\u041b\u0418\u041b\u0413\u041b\u0418\u041a\u041e\u041b\u042c, \u0412\u041a\u0423\u0421* (\u0431\u0435\u043b\u044b\u0439 \u0438 \u0437\u0435\u043b\u0435\u043d\u044b\u0439 \u0447\u0430\u0439), \u0424\u0415\u041d\u0415\u0422\u0418\u041b\u041e\u0412\u042b\u0419 \u0421\u041f\u0418\u0420\u0422, \u042d\u041a\u0421\u0422\u0420\u0410\u041a\u0422 \u041b\u0418\u0421\u0422\u041e\u0412 \u041a\u0410\u041c\u0415\u041b\u0418\u0418 \u0421\u0418\u041d\u0415\u041d\u0421\u0418\u0421, \u0415\u0412\u0420\u041e\u041f\u0410\u0410\u0422\u0410\u041b\u042c\u041d\u041e\u0415 \u041c\u0410\u0421\u041b\u041e, \u0426\u0418\u0410\u041b\u0418\u041d\u0410\u041b, \u0426\u0415\u0410\u0418\u041d\u041d\u0410\u041b\u042c\u041d\u042b\u0419 \u041c\u0410\u0421\u041b\u042f\u041d\u042b\u0419 \u042d\u041a\u0421\u0422\u0420\u0410\u041a\u0422, \u0426\u0418\u0422\u0420\u041e\u041d\u0415\u041b\u041e\u041b, \u0413\u0415\u0420\u0410\u041d\u0418\u041e\u041b, \u041b\u0418\u041d\u0410\u041b\u041e\u041e\u041b, \u041b\u0418\u041c\u041e\u041d. \u041d\u042d, \u0411\u0415\u041d\u0417\u0418\u041b \u0421\u0410\u041b\u0418\u0426\u0418\u041b\u0410\u0422, \u042d\u0412\u0413\u0415\u041d\u041e\u041b.<\/p>\n<p>*\u041d\u0430\u0442\u0443\u0440\u0430\u043b\u044c\u043d\u044b\u0439<\/p>","protected":false},"excerpt":{"rendered":"<p>BIOBAZA [GENTLE]MEN 2in1 GEL DE DU\u0218 \u0218I P\u0102RUL DE SP\u0102LAT hr\u0103ne\u0219te \u0219i protejeaz\u0103 pielea cu formula sa bogat\u0103 \u0219i este, de asemenea, excelent pentru sp\u0103larea p\u0103rului, red\u00e2ndu-i str\u0103lucirea \u0219i volumul natural.\u00a0Miros rafinat, [&hellip;]<\/p>","protected":false},"featured_media":3360,"comment_status":"open","ping_status":"closed","template":"","meta":[],"product_cat":[141,134],"product_tag":[],"class_list":{"0":"post-3359","1":"product","2":"type-product","3":"status-publish","4":"has-post-thumbnail","6":"product_cat-gel-si-sampon-pentru-dus","7":"product_cat-produse-pentru-barbati","9":"first","10":"instock","11":"shipping-taxable","12":"purchasable","13":"product-type-simple"},"_links":{"self":[{"href":"https:\/\/lavandimag.md\/ru\/wp-json\/wp\/v2\/product\/3359","targetHints":{"allow":["GET"]}}],"collection":[{"href":"https:\/\/lavandimag.md\/ru\/wp-json\/wp\/v2\/product"}],"about":[{"href":"https:\/\/lavandimag.md\/ru\/wp-json\/wp\/v2\/types\/product"}],"replies":[{"embeddable":true,"href":"https:\/\/lavandimag.md\/ru\/wp-json\/wp\/v2\/comments?post=3359"}],"wp:featuredmedia":[{"embeddable":true,"href":"https:\/\/lavandimag.md\/ru\/wp-json\/wp\/v2\/media\/3360"}],"wp:attachment":[{"href":"https:\/\/lavandimag.md\/ru\/wp-json\/wp\/v2\/media?parent=3359"}],"wp:term":[{"taxonomy":"product_cat","embeddable":true,"href":"https:\/\/lavandimag.md\/ru\/wp-json\/wp\/v2\/product_cat?post=3359"},{"taxonomy":"product_tag","embeddable":true,"href":"https:\/\/lavandimag.md\/ru\/wp-json\/wp\/v2\/product_tag?post=3359"}],"curies":[{"name":"wp","href":"https:\/\/api.w.org\/{rel}","templated":true}]}}