{"id":3344,"date":"2023-08-10T09:20:00","date_gmt":"2023-08-10T09:20:00","guid":{"rendered":"https:\/\/lavandimag.md\/?post_type=product&#038;p=3344"},"modified":"2023-10-23T12:41:57","modified_gmt":"2023-10-23T12:41:57","slug":"biobaza-kids-2u1-bodyhair-action-hero-250-ml-2022","status":"publish","type":"product","link":"https:\/\/lavandimag.md\/ru\/product\/biobaza-kids-2u1-bodyhair-action-hero-250-ml-2022\/","title":{"rendered":"\u0413\u0435\u043b\u044c \u0434\u043b\u044f \u0434\u0443\u0448\u0430 \u0438 \u0448\u0430\u043c\u043f\u0443\u043d\u044c 2&amp;1 BIOBAZA KIDS ACTION HERO, 250 \u043c\u043b"},"content":{"rendered":"<p>\u041d\u0435\u0436\u043d\u0430\u044f \u0444\u043e\u0440\u043c\u0443\u043b\u0430 \u0431\u0435\u0437 \u043c\u044b\u043b\u0430, \u043e\u0431\u043e\u0433\u0430\u0449\u0435\u043d\u043d\u0430\u044f \u0440\u0438\u0441\u043e\u0432\u044b\u043c \u0431\u0435\u043b\u043a\u043e\u043c \u0438 \u044d\u043a\u0441\u0442\u0440\u0430\u043a\u0442\u043e\u043c \u0440\u043e\u043c\u0430\u0448\u043a\u0438, \u043f\u0438\u0442\u0430\u0435\u0442 \u0438 \u0437\u0430\u0449\u0438\u0449\u0430\u0435\u0442 \u0432\u043e\u043b\u043e\u0441\u044b \u0438 \u043a\u043e\u0436\u0443, \u0430 \u043f\u0430\u043d\u0442\u0435\u043d\u043e\u043b \u0443\u043c\u0435\u043d\u044c\u0448\u0430\u0435\u0442 \u0440\u0430\u0437\u0434\u0440\u0430\u0436\u0435\u043d\u0438\u0435 \u0438 \u0440\u0435\u0433\u0435\u043d\u0435\u0440\u0438\u0440\u0443\u0435\u0442 \u043a\u043e\u0436\u0443. \u041e\u0442\u0432\u0430\u0436\u043d\u044b\u0435 \u0441\u0443\u043f\u0435\u0440\u0433\u0435\u0440\u043e\u0438 \u0447\u0443\u0432\u0441\u0442\u0432\u0443\u044e\u0442 \u0441\u0435\u0431\u044f \u0441\u0430\u043c\u044b\u043c\u0438 \u0441\u0447\u0430\u0441\u0442\u043b\u0438\u0432\u044b\u043c\u0438, \u043a\u043e\u0433\u0434\u0430 \u0434\u0435\u043b\u043e \u043a\u0430\u0441\u0430\u0435\u0442\u0441\u044f \u0432\u0430\u043d\u043d\u044b, \u043f\u043e\u0441\u043a\u043e\u043b\u044c\u043a\u0443 \u043e\u043d\u0438 \u043c\u043e\u0433\u0443\u0442 \u0431\u0435\u0437\u0437\u0430\u0431\u043e\u0442\u043d\u043e \u043d\u0430\u0441\u043b\u0430\u0436\u0434\u0430\u0442\u044c\u0441\u044f \u0444\u0440\u0443\u043a\u0442\u043e\u0432\u044b\u043c\u0438 \u043f\u0443\u0437\u044b\u0440\u044c\u043a\u0430\u043c\u0438 \u0441 \u043e\u0441\u0432\u0435\u0436\u0430\u044e\u0449\u0438\u043c \u0430\u0440\u043e\u043c\u0430\u0442\u043e\u043c \u043b\u0438\u043c\u043e\u043d\u0430 \u0438 \u0431\u0435\u0440\u0433\u0430\u043c\u043e\u0442\u0430.<\/p>\n<p>\u041f\u0440\u0438\u043c\u0435\u043d\u0435\u043d\u0438\u0435: \u043d\u0430\u043d\u0435\u0441\u0442\u0438 \u043d\u0430 \u0432\u043b\u0430\u0436\u043d\u0443\u044e \u043a\u043e\u0436\u0443, \u0432\u0441\u043f\u0435\u043d\u0438\u0442\u044c \u0438 \u0445\u043e\u0440\u043e\u0448\u043e \u0441\u043c\u044b\u0442\u044c \u0432\u043e\u0434\u043e\u0439.<\/p>\n<p>\u041f\u0440\u0435\u0434\u0443\u043f\u0440\u0435\u0436\u0434\u0435\u043d\u0438\u0435: \u0425\u0440\u0430\u043d\u0438\u0442\u044c \u0432 \u043d\u0435\u0434\u043e\u0441\u0442\u0443\u043f\u043d\u043e\u043c \u0434\u043b\u044f \u043c\u0430\u043b\u0435\u043d\u044c\u043a\u0438\u0445 \u0434\u0435\u0442\u0435\u0439 \u043c\u0435\u0441\u0442\u0435. \u0422\u043e\u043b\u044c\u043a\u043e \u0434\u043b\u044f \u043d\u0430\u0440\u0443\u0436\u043d\u043e\u0433\u043e \u043f\u0440\u0438\u043c\u0435\u043d\u0435\u043d\u0438\u044f. \u0414\u0435\u0440\u043c\u0430\u0442\u043e\u043b\u043e\u0433\u0438\u0447\u0435\u0441\u043a\u0438 \u043f\u0440\u043e\u0442\u0435\u0441\u0442\u0438\u0440\u043e\u0432\u0430\u043d.<\/p>\n<p>AQUA, \u041e\u041b\u0415\u0424\u0418\u041d\u041e\u0412\u042b\u0419 \u0421\u0423\u041b\u042c\u0424\u041e\u041d\u0410\u0422 \u041d\u0410\u0422\u0420\u0418\u042f C14-16, \u041a\u041e\u041a\u041e-\u0411\u0415\u0422\u0410\u0418\u041d, \u041a\u041e\u041a\u0410\u041c\u0418\u0414\u041e\u041f\u0420\u041e\u041f\u0418\u041b \u0411\u0415\u0422\u0410\u0418\u041d, \u0413\u041b\u0418\u0426\u0415\u0420\u0418\u041d, \u0421\u041e\u041a \u041b\u0418\u0421\u0422\u041e\u0412 \u0410\u041b\u041e\u042d \u0411\u0410\u0420\u0411\u0410\u0414\u0415\u041d\u0421\u0418\u0421, \u042d\u041a\u0421\u0422\u0420\u0410\u041a\u0422 \u0426\u0412\u0415\u0422\u041a\u041e\u0412 \u0420\u041e\u041c\u0410\u0428\u041a\u0418, \u041f\u0410\u041d\u0422\u0415\u041d\u041e\u041b, \u0413\u0418\u0414\u0420\u041e\u041b\u0418\u0417\u041e\u0412\u0410\u041d\u041d\u042b\u0419 \u0420\u0418\u0421\u041e\u0412\u042b\u0419 \u0411\u0415\u041b\u041e\u041a, \u0424\u0415\u041d\u0415\u0422\u0418\u041b-\u0410\u041b\u041a\u041e\u041b\u0418\u041b-\u0410\u041b\u041a\u041e\u041b\u042c\u041c\u0418\u0422\u0418\u041b* \u0410\u0422, \u041b\u0418\u041c\u041e\u041d. \u041c\u0410\u0421\u041b\u041e \u0426\u0418\u0422\u0420\u0423\u0421\u041e\u0412\u041e\u0419 \u041a\u041e\u0420\u041a\u0418, CITRUS AURANTIUM BERGAMIA \u041f\u0418\u041b\u042c\u041d\u041e\u0415 \u041c\u0410\u0421\u041b\u041e, \u041b\u0418\u041c\u041e\u041d\u0415\u041d, \u041b\u0418\u041d\u0410\u041b\u041e\u041e\u041b, \u0426\u0418\u0422\u0420\u0410\u041b.<\/p>\n<p>*\u041d\u0430\u0442\u0443\u0440\u0430\u043b\u044c\u043d\u044b\u0439<\/p>","protected":false},"excerpt":{"rendered":"<p>Formula bl\u00e2nd\u0103, f\u0103r\u0103 s\u0103pun, \u00eembog\u0103\u021bit\u0103 cu proteine \u200b\u200bde orez \u0219i extract de mu\u0219e\u021bel, hr\u0103ne\u0219te \u0219i protejeaz\u0103 p\u0103rul \u0219i pielea, \u00een timp ce pantenolul reduce irita\u021bia \u0219i regenereaz\u0103 pielea.\u00a0Super-eroii curajo\u0219i sunt cei mai [&hellip;]<\/p>","protected":false},"featured_media":3345,"comment_status":"open","ping_status":"closed","template":"","meta":[],"product_cat":[132],"product_tag":[],"class_list":{"0":"post-3344","1":"product","2":"type-product","3":"status-publish","4":"has-post-thumbnail","6":"product_cat-poduse-pentru-copii","8":"first","9":"instock","10":"shipping-taxable","11":"purchasable","12":"product-type-simple"},"_links":{"self":[{"href":"https:\/\/lavandimag.md\/ru\/wp-json\/wp\/v2\/product\/3344","targetHints":{"allow":["GET"]}}],"collection":[{"href":"https:\/\/lavandimag.md\/ru\/wp-json\/wp\/v2\/product"}],"about":[{"href":"https:\/\/lavandimag.md\/ru\/wp-json\/wp\/v2\/types\/product"}],"replies":[{"embeddable":true,"href":"https:\/\/lavandimag.md\/ru\/wp-json\/wp\/v2\/comments?post=3344"}],"wp:featuredmedia":[{"embeddable":true,"href":"https:\/\/lavandimag.md\/ru\/wp-json\/wp\/v2\/media\/3345"}],"wp:attachment":[{"href":"https:\/\/lavandimag.md\/ru\/wp-json\/wp\/v2\/media?parent=3344"}],"wp:term":[{"taxonomy":"product_cat","embeddable":true,"href":"https:\/\/lavandimag.md\/ru\/wp-json\/wp\/v2\/product_cat?post=3344"},{"taxonomy":"product_tag","embeddable":true,"href":"https:\/\/lavandimag.md\/ru\/wp-json\/wp\/v2\/product_tag?post=3344"}],"curies":[{"name":"wp","href":"https:\/\/api.w.org\/{rel}","templated":true}]}}