{"id":3254,"date":"2023-08-09T12:30:07","date_gmt":"2023-08-09T12:30:07","guid":{"rendered":"https:\/\/lavandimag.md\/?post_type=product&#038;p=3254"},"modified":"2023-08-26T13:44:37","modified_gmt":"2023-08-26T13:44:37","slug":"melem-universala-tube-25-ml","status":"publish","type":"product","link":"https:\/\/lavandimag.md\/ru\/product\/melem-universala-tube-25-ml\/","title":{"rendered":"\u041a\u0440\u0435\u043c \u0443\u043d\u0438\u0432\u0435\u0440\u0441\u0430\u043b\u044c\u043d\u044b\u0439 \u043e\u0442 \u0441\u0443\u0445\u043e\u0441\u0442\u0435\u0439 MELEM, 35 \u043c\u043b"},"content":{"rendered":"<div class=\"w-pm-info\">\n<div class=\"w-pm-info-wrap\">\n<h4>\u041e\u043f\u0438\u0441\u0430\u043d\u0438\u0435 \u043f\u0440\u043e\u0434\u0443\u043a\u0442\u0430<\/h4>\n<p>\u041b\u0443\u0447\u0448\u0438\u0439 \u0443\u0445\u043e\u0434 \u0437\u0430 \u0433\u043b\u0430\u0434\u043a\u043e\u0439 \u0438 \u0443\u043f\u0440\u0443\u0433\u043e\u0439 \u043a\u043e\u0436\u0435\u0439, \u043a\u043e\u0442\u043e\u0440\u044b\u0439 \u043f\u043e\u043c\u0435\u0441\u0442\u0438\u0442\u0441\u044f \u0432 \u043a\u0430\u0436\u0434\u0443\u044e \u0441\u0443\u043c\u043e\u0447\u043a\u0443.<\/p>\n<\/div>\n<\/div>\n<div class=\"w-pm-image\"><\/div>","protected":false},"excerpt":{"rendered":"<p>Descriere produs Cea mai bun\u0103 \u00eengrijire pentru o piele fin\u0103 \u0219i supl\u0103, care se potrive\u0219te \u00een fiecare po\u0219et\u0103.<\/p>","protected":false},"featured_media":3255,"comment_status":"open","ping_status":"closed","template":"","meta":[],"product_cat":[120,69],"product_tag":[],"class_list":{"0":"post-3254","1":"product","2":"type-product","3":"status-publish","4":"has-post-thumbnail","6":"product_cat-crema-pentru-fata","7":"product_cat-ingrijire-corporala","9":"first","10":"instock","11":"shipping-taxable","12":"purchasable","13":"product-type-simple"},"_links":{"self":[{"href":"https:\/\/lavandimag.md\/ru\/wp-json\/wp\/v2\/product\/3254","targetHints":{"allow":["GET"]}}],"collection":[{"href":"https:\/\/lavandimag.md\/ru\/wp-json\/wp\/v2\/product"}],"about":[{"href":"https:\/\/lavandimag.md\/ru\/wp-json\/wp\/v2\/types\/product"}],"replies":[{"embeddable":true,"href":"https:\/\/lavandimag.md\/ru\/wp-json\/wp\/v2\/comments?post=3254"}],"wp:featuredmedia":[{"embeddable":true,"href":"https:\/\/lavandimag.md\/ru\/wp-json\/wp\/v2\/media\/3255"}],"wp:attachment":[{"href":"https:\/\/lavandimag.md\/ru\/wp-json\/wp\/v2\/media?parent=3254"}],"wp:term":[{"taxonomy":"product_cat","embeddable":true,"href":"https:\/\/lavandimag.md\/ru\/wp-json\/wp\/v2\/product_cat?post=3254"},{"taxonomy":"product_tag","embeddable":true,"href":"https:\/\/lavandimag.md\/ru\/wp-json\/wp\/v2\/product_tag?post=3254"}],"curies":[{"name":"wp","href":"https:\/\/api.w.org\/{rel}","templated":true}]}}