{"id":3258,"date":"2023-08-09T12:32:37","date_gmt":"2023-08-09T12:32:37","guid":{"rendered":"https:\/\/lavandimag.md\/?post_type=product&#038;p=3258"},"modified":"2023-10-23T12:54:09","modified_gmt":"2023-10-23T12:54:09","slug":"melem-deo-roll-on-precious-oils-50-ml","status":"publish","type":"product","link":"http:\/\/lavandimag.md\/ru\/product\/melem-deo-roll-on-precious-oils-50-ml\/","title":{"rendered":"\u0410\u043d\u0442\u0438\u043f\u0435\u0440\u0441\u043f\u0438\u0440\u0430\u043d\u0442 \u0440\u043e\u043b\u043b-\u043e\u043d MELEM PRECIOUS OILS, 50 \u043c\u043b"},"content":{"rendered":"<div class=\"w-pm-info-wrap\">\n<h4>\u041e\u043f\u0438\u0441\u0430\u043d\u0438\u0435 \u043f\u0440\u043e\u0434\u0443\u043a\u0442\u0430<\/h4>\n<p>Textura cremoas\u0103 Melem este \u00eembog\u0103\u021bit\u0103 cu ulei pre\u021bios de avocado, pantenol \u0219i vitamina E pentru a oferi cea mai bl\u00e2nd\u0103 \u00eengrijire \u0219i o senza\u021bie pl\u0103cut\u0103 de prospe\u021bime.<\/p>\n<\/div>\n<div class=\"w-pm-info-wrap\">\n<h4>\u0421\u043e\u0441\u0442\u0430\u0432 \u043f\u0440\u043e\u0434\u0443\u043a\u0442\u0430<\/h4>\n<p>AQUA, ULEI DE PERSEA GRATISIMA, GLICERIN\u0102, MIRISTAT DE ISOPROPIL, PARFUM, PANTENOL, ACETAT DE TOCOFERIL, STEARAT DE GLICERIL, CARBOMER, ALCOL FENETIL, FENILPROPANOL, CETEARETH-20, CAPIRILIL GLICOL 14-14-1 SOLFIL GLICOLIN 2, HIDROXID DE SODIU, CETEARIL ALCOOL, PALMITAT DE CETIL, O-CYMEN-5-OL, DECILEN GLICOL<\/p>\n<\/div>","protected":false},"excerpt":{"rendered":"<p>Descriere produs Textura cremoas\u0103 Melem este \u00eembog\u0103\u021bit\u0103 cu ulei pre\u021bios de avocado, pantenol \u0219i vitamina E pentru a oferi cea mai bl\u00e2nd\u0103 \u00eengrijire \u0219i o senza\u021bie pl\u0103cut\u0103 de prospe\u021bime. Compozi\u021bia produsului AQUA, [&hellip;]<\/p>","protected":false},"featured_media":3259,"comment_status":"open","ping_status":"closed","template":"","meta":[],"product_cat":[122,69],"product_tag":[],"class_list":{"0":"post-3258","1":"product","2":"type-product","3":"status-publish","4":"has-post-thumbnail","6":"product_cat-deodorante","7":"product_cat-ingrijire-corporala","9":"first","10":"instock","11":"shipping-taxable","12":"purchasable","13":"product-type-simple"},"_links":{"self":[{"href":"http:\/\/lavandimag.md\/ru\/wp-json\/wp\/v2\/product\/3258","targetHints":{"allow":["GET"]}}],"collection":[{"href":"http:\/\/lavandimag.md\/ru\/wp-json\/wp\/v2\/product"}],"about":[{"href":"http:\/\/lavandimag.md\/ru\/wp-json\/wp\/v2\/types\/product"}],"replies":[{"embeddable":true,"href":"http:\/\/lavandimag.md\/ru\/wp-json\/wp\/v2\/comments?post=3258"}],"wp:featuredmedia":[{"embeddable":true,"href":"http:\/\/lavandimag.md\/ru\/wp-json\/wp\/v2\/media\/3259"}],"wp:attachment":[{"href":"http:\/\/lavandimag.md\/ru\/wp-json\/wp\/v2\/media?parent=3258"}],"wp:term":[{"taxonomy":"product_cat","embeddable":true,"href":"http:\/\/lavandimag.md\/ru\/wp-json\/wp\/v2\/product_cat?post=3258"},{"taxonomy":"product_tag","embeddable":true,"href":"http:\/\/lavandimag.md\/ru\/wp-json\/wp\/v2\/product_tag?post=3258"}],"curies":[{"name":"wp","href":"https:\/\/api.w.org\/{rel}","templated":true}]}}